{"id":14776,"date":"2026-04-10T03:22:35","date_gmt":"2026-04-10T03:22:35","guid":{"rendered":"https:\/\/individualityhub.shop\/?post_type=product&#038;p=14776"},"modified":"2026-04-10T03:32:32","modified_gmt":"2026-04-10T03:32:32","slug":"yopokki-topokki-varios-sabores-120g-delicioso-snack-con-textura-unica-yopokki-ideal-para-cualquier-momento5","status":"publish","type":"product","link":"https:\/\/individualityhub.shop\/es\/producto\/yopokki-topokki-varios-sabores-120g-delicioso-snack-con-textura-unica-yopokki-ideal-para-cualquier-momento5\/","title":{"rendered":"Yopokki Topokki Varios Sabores 120g Delicioso Snack con Textura \u00danica Yopokki Ideal para Cualquier Momento*5"},"content":{"rendered":"<div data-elementor-type=\"product-post\" data-elementor-id=\"14776\" class=\"elementor elementor-14776\" data-elementor-post-type=\"product\">\n\t\t\t\t<div class=\"elementor-element elementor-element-f0a61fc e-flex e-con-boxed e-con e-parent\" data-id=\"f0a61fc\" data-element_type=\"container\" data-settings=\"{&quot;ekit_has_onepagescroll_dot&quot;:&quot;yes&quot;}\">\n\t\t\t\t\t<div class=\"e-con-inner\">\n\t\t\t\t<div class=\"elementor-element elementor-element-414c21a7 elementor-widget elementor-widget-image\" data-id=\"414c21a7\" data-element_type=\"widget\" data-settings=\"{&quot;ekit_we_effect_on&quot;:&quot;none&quot;}\" data-widget_type=\"image.default\">\n\t\t\t\t<div class=\"elementor-widget-container\">\n\t\t\t\t\t\t\t\t\t\t\t\t\t\t\t<img loading=\"lazy\" decoding=\"async\" width=\"1200\" height=\"1200\" src=\"https:\/\/individualityhub.shop\/wp-content\/uploads\/2026\/04\/111-1.jpg\" class=\"attachment-full size-full wp-image-14783 wvs-archive-product-image\" alt=\"\" srcset=\"https:\/\/individualityhub.shop\/wp-content\/uploads\/2026\/04\/111-1.jpg 1200w, https:\/\/individualityhub.shop\/wp-content\/uploads\/2026\/04\/111-1-300x300.jpg 300w, https:\/\/individualityhub.shop\/wp-content\/uploads\/2026\/04\/111-1-1024x1024.jpg 1024w, https:\/\/individualityhub.shop\/wp-content\/uploads\/2026\/04\/111-1-150x150.jpg 150w, https:\/\/individualityhub.shop\/wp-content\/uploads\/2026\/04\/111-1-768x768.jpg 768w, https:\/\/individualityhub.shop\/wp-content\/uploads\/2026\/04\/111-1-12x12.jpg 12w, https:\/\/individualityhub.shop\/wp-content\/uploads\/2026\/04\/111-1-600x600.jpg 600w, https:\/\/individualityhub.shop\/wp-content\/uploads\/2026\/04\/111-1-100x100.jpg 100w, https:\/\/individualityhub.shop\/wp-content\/uploads\/2026\/04\/111-1-50x50.jpg 50w, https:\/\/individualityhub.shop\/wp-content\/uploads\/2026\/04\/111-1-1x1.jpg 1w, https:\/\/individualityhub.shop\/wp-content\/uploads\/2026\/04\/111-1-10x10.jpg 10w\" sizes=\"auto, (max-width: 1200px) 100vw, 1200px\" \/>\t\t\t\t\t\t\t\t\t\t\t\t\t\t\t<\/div>\n\t\t\t\t<\/div>\n\t\t\t\t<div class=\"elementor-element elementor-element-1c2aadfa elementor-widget elementor-widget-image\" data-id=\"1c2aadfa\" data-element_type=\"widget\" data-settings=\"{&quot;ekit_we_effect_on&quot;:&quot;none&quot;}\" data-widget_type=\"image.default\">\n\t\t\t\t<div class=\"elementor-widget-container\">\n\t\t\t\t\t\t\t\t\t\t\t\t\t\t\t<img loading=\"lazy\" decoding=\"async\" width=\"1500\" height=\"1125\" src=\"https:\/\/individualityhub.shop\/wp-content\/uploads\/2026\/04\/22-2.jpg\" class=\"attachment-full size-full wp-image-14784 wvs-archive-product-image\" alt=\"\" srcset=\"https:\/\/individualityhub.shop\/wp-content\/uploads\/2026\/04\/22-2.jpg 1500w, https:\/\/individualityhub.shop\/wp-content\/uploads\/2026\/04\/22-2-300x225.jpg 300w, https:\/\/individualityhub.shop\/wp-content\/uploads\/2026\/04\/22-2-1024x768.jpg 1024w, https:\/\/individualityhub.shop\/wp-content\/uploads\/2026\/04\/22-2-768x576.jpg 768w, https:\/\/individualityhub.shop\/wp-content\/uploads\/2026\/04\/22-2-16x12.jpg 16w, https:\/\/individualityhub.shop\/wp-content\/uploads\/2026\/04\/22-2-600x450.jpg 600w, https:\/\/individualityhub.shop\/wp-content\/uploads\/2026\/04\/22-2-1x1.jpg 1w, https:\/\/individualityhub.shop\/wp-content\/uploads\/2026\/04\/22-2-10x8.jpg 10w\" sizes=\"auto, (max-width: 1500px) 100vw, 1500px\" \/>\t\t\t\t\t\t\t\t\t\t\t\t\t\t\t<\/div>\n\t\t\t\t<\/div>\n\t\t\t\t<div class=\"elementor-element elementor-element-13ac74be elementor-widget elementor-widget-image\" data-id=\"13ac74be\" data-element_type=\"widget\" data-settings=\"{&quot;ekit_we_effect_on&quot;:&quot;none&quot;}\" data-widget_type=\"image.default\">\n\t\t\t\t<div class=\"elementor-widget-container\">\n\t\t\t\t\t\t\t\t\t\t\t\t\t\t\t<img loading=\"lazy\" decoding=\"async\" width=\"1500\" height=\"1125\" src=\"https:\/\/individualityhub.shop\/wp-content\/uploads\/2026\/04\/33-3.jpg\" class=\"attachment-full size-full wp-image-14785 wvs-archive-product-image\" alt=\"\" srcset=\"https:\/\/individualityhub.shop\/wp-content\/uploads\/2026\/04\/33-3.jpg 1500w, https:\/\/individualityhub.shop\/wp-content\/uploads\/2026\/04\/33-3-300x225.jpg 300w, https:\/\/individualityhub.shop\/wp-content\/uploads\/2026\/04\/33-3-1024x768.jpg 1024w, https:\/\/individualityhub.shop\/wp-content\/uploads\/2026\/04\/33-3-768x576.jpg 768w, https:\/\/individualityhub.shop\/wp-content\/uploads\/2026\/04\/33-3-16x12.jpg 16w, https:\/\/individualityhub.shop\/wp-content\/uploads\/2026\/04\/33-3-600x450.jpg 600w, https:\/\/individualityhub.shop\/wp-content\/uploads\/2026\/04\/33-3-1x1.jpg 1w, https:\/\/individualityhub.shop\/wp-content\/uploads\/2026\/04\/33-3-10x8.jpg 10w\" sizes=\"auto, (max-width: 1500px) 100vw, 1500px\" \/>\t\t\t\t\t\t\t\t\t\t\t\t\t\t\t<\/div>\n\t\t\t\t<\/div>\n\t\t\t\t<div class=\"elementor-element elementor-element-2c6af132 elementor-widget elementor-widget-image\" data-id=\"2c6af132\" data-element_type=\"widget\" data-settings=\"{&quot;ekit_we_effect_on&quot;:&quot;none&quot;}\" data-widget_type=\"image.default\">\n\t\t\t\t<div class=\"elementor-widget-container\">\n\t\t\t\t\t\t\t\t\t\t\t\t\t\t\t<img loading=\"lazy\" decoding=\"async\" width=\"1500\" height=\"1125\" src=\"https:\/\/individualityhub.shop\/wp-content\/uploads\/2026\/04\/81zs6Euu9PL._SL1500_-1.jpg\" class=\"attachment-full size-full wp-image-14786 wvs-archive-product-image\" alt=\"\" srcset=\"https:\/\/individualityhub.shop\/wp-content\/uploads\/2026\/04\/81zs6Euu9PL._SL1500_-1.jpg 1500w, https:\/\/individualityhub.shop\/wp-content\/uploads\/2026\/04\/81zs6Euu9PL._SL1500_-1-300x225.jpg 300w, https:\/\/individualityhub.shop\/wp-content\/uploads\/2026\/04\/81zs6Euu9PL._SL1500_-1-1024x768.jpg 1024w, https:\/\/individualityhub.shop\/wp-content\/uploads\/2026\/04\/81zs6Euu9PL._SL1500_-1-768x576.jpg 768w, https:\/\/individualityhub.shop\/wp-content\/uploads\/2026\/04\/81zs6Euu9PL._SL1500_-1-16x12.jpg 16w, https:\/\/individualityhub.shop\/wp-content\/uploads\/2026\/04\/81zs6Euu9PL._SL1500_-1-600x450.jpg 600w, https:\/\/individualityhub.shop\/wp-content\/uploads\/2026\/04\/81zs6Euu9PL._SL1500_-1-1x1.jpg 1w, https:\/\/individualityhub.shop\/wp-content\/uploads\/2026\/04\/81zs6Euu9PL._SL1500_-1-10x8.jpg 10w\" sizes=\"auto, (max-width: 1500px) 100vw, 1500px\" \/>\t\t\t\t\t\t\t\t\t\t\t\t\t\t\t<\/div>\n\t\t\t\t<\/div>\n\t\t\t\t<div class=\"elementor-element elementor-element-5a78e326 elementor-widget elementor-widget-image\" data-id=\"5a78e326\" data-element_type=\"widget\" data-settings=\"{&quot;ekit_we_effect_on&quot;:&quot;none&quot;}\" data-widget_type=\"image.default\">\n\t\t\t\t<div class=\"elementor-widget-container\">\n\t\t\t\t\t\t\t\t\t\t\t\t\t\t\t<img loading=\"lazy\" decoding=\"async\" width=\"1500\" height=\"1125\" src=\"https:\/\/individualityhub.shop\/wp-content\/uploads\/2026\/04\/81WXdtxIjYL._SL1500_-1.jpg\" class=\"attachment-full size-full wp-image-14787 wvs-archive-product-image\" alt=\"\" srcset=\"https:\/\/individualityhub.shop\/wp-content\/uploads\/2026\/04\/81WXdtxIjYL._SL1500_-1.jpg 1500w, https:\/\/individualityhub.shop\/wp-content\/uploads\/2026\/04\/81WXdtxIjYL._SL1500_-1-300x225.jpg 300w, https:\/\/individualityhub.shop\/wp-content\/uploads\/2026\/04\/81WXdtxIjYL._SL1500_-1-1024x768.jpg 1024w, https:\/\/individualityhub.shop\/wp-content\/uploads\/2026\/04\/81WXdtxIjYL._SL1500_-1-768x576.jpg 768w, https:\/\/individualityhub.shop\/wp-content\/uploads\/2026\/04\/81WXdtxIjYL._SL1500_-1-16x12.jpg 16w, https:\/\/individualityhub.shop\/wp-content\/uploads\/2026\/04\/81WXdtxIjYL._SL1500_-1-600x450.jpg 600w, https:\/\/individualityhub.shop\/wp-content\/uploads\/2026\/04\/81WXdtxIjYL._SL1500_-1-1x1.jpg 1w, https:\/\/individualityhub.shop\/wp-content\/uploads\/2026\/04\/81WXdtxIjYL._SL1500_-1-10x8.jpg 10w\" sizes=\"auto, (max-width: 1500px) 100vw, 1500px\" \/>\t\t\t\t\t\t\t\t\t\t\t\t\t\t\t<\/div>\n\t\t\t\t<\/div>\n\t\t\t\t<div class=\"elementor-element elementor-element-49a0f651 elementor-widget elementor-widget-text-editor\" data-id=\"49a0f651\" data-element_type=\"widget\" data-settings=\"{&quot;ekit_we_effect_on&quot;:&quot;none&quot;}\" data-widget_type=\"text-editor.default\">\n\t\t\t\t<div class=\"elementor-widget-container\">\n\t\t\t\t\t\t\t\t\t<h3>\ud83c\udf62 Yopokki Tasty Topokki - Varios Sabores<\/h3><div>\u00a0<\/div><div>Yopokki Topokki te trae el rico y aut\u00e9ntico sabor coreano en un pr\u00e1ctico envase de 120 g. Con varios sabores deliciosos entre los que elegir, es un tentempi\u00e9 divertido y satisfactorio para los amantes de los dulces masticables y sabrosos.<\/div><div>\u00a0<\/div><h3>\ud83e\udd62 Textura masticable \u00fanica y sabor delicioso<\/h3><div>\u00a0<\/div><div>Disfrute de un <strong>textura masticable \u00fanica<\/strong> que hace que el Yopokki sea tan popular. Los pasteles de arroz, suaves pero firmes, ofrecen una sensaci\u00f3n satisfactoria en la boca, acompa\u00f1ados de una salsa rica y bien condimentada que hace que cada bocado sea agradable.<\/div><h3>\u00a0<\/h3><h3>\ud83c\udf92 Pack port\u00e1til de 120g para cualquier momento.<\/h3><div>\u00a0<\/div><div>Cada paquete pesa 120 g, es ligero y f\u00e1cil de llevar a todas partes. Perfectos para tentempi\u00e9s r\u00e1pidos, pausas en la oficina, bocados a \u00faltima hora de la noche, viajes por carretera o siempre que te apetezca algo sabroso y saciante.<\/div><div>\u00a0<\/div><h3>\u2728 Merienda ideal para todos en cualquier momento<\/h3><div>\u00a0<\/div><div>El yopokki es algo m\u00e1s que un bocado r\u00e1pido: es un tentempi\u00e9 divertido y sabroso apto para todas las edades. Tanto si te apetece algo salado, como si quieres probar la comida coreana o simplemente necesitas un peque\u00f1o capricho, encaja perfectamente en cualquier momento.<\/div>\t\t\t\t\t\t\t\t<\/div>\n\t\t\t\t<\/div>\n\t\t\t\t<div class=\"elementor-element elementor-element-5987bd39 elementor-widget elementor-widget-text-editor\" data-id=\"5987bd39\" data-element_type=\"widget\" data-settings=\"{&quot;ekit_we_effect_on&quot;:&quot;none&quot;}\" data-widget_type=\"text-editor.default\">\n\t\t\t\t<div class=\"elementor-widget-container\">\n\t\t\t\t\t\t\t\t\t<!DOCTYPE html>\n<html lang=\"en\">\n<head>\n<meta charset=\"UTF-8\">\n<meta name=\"viewport\" content=\"width=device-width, initial-scale=1.0\">\n<title>Product Details<\/title>\n<style>\n  * {\n    margin: 0;\n    padding: 0;\n    box-sizing: border-box;\n  }\n  body {\n    background: transparent;\n    font-family: 'Inter', 'Segoe UI', system-ui, sans-serif;\n  }\n  .spec-table {\n    width: 100%;\n    border-collapse: collapse;\n    font-size: 14px;\n    line-height: 1.8;\n  }\n  .spec-table tr {\n    border-bottom: 1px solid #e6eef7;\n  }\n  .spec-table td:nth-child(1),\n  .spec-table td:nth-child(3) {\n    width: 20%;\n    font-weight: 500;\n    color: #2d70b3;\n    background: #f5f9ff;\n    padding: 12px 14px;\n    text-align: left;\n    vertical-align: top;\n  }\n  .spec-table td:nth-child(2),\n  .spec-table td:nth-child(4) {\n    width: 30%;\n    color: #333;\n    background: #fff;\n    padding: 12px 14px;\n    text-align: left;\n    vertical-align: top;\n  }\n<\/style>\n<\/head>\n<body>\n\n<table class=\"spec-table\">\n  <tr>\n    <td>Marca<\/td>\n    <td>Yopokki<\/td>\n    <td>Producto<\/td>\n    <td>Tteokbokki \/ Topokki<\/td>\n  <\/tr>\n  <tr>\n    <td>Peso<\/td>\n    <td>120g*5(600g)<\/td>\n    <td>Sabores<\/td>\n    <td>Variedades surtidas<\/td>\n  <\/tr>\n  <tr>\n    <td>Caracter\u00edstica<\/td>\n    <td>Textura masticable \u00fanica<\/td>\n    <td>Pruebe<\/td>\n    <td>Delicioso aperitivo salado<\/td>\n  <\/tr>\n  <tr>\n    <td>Utilizaci\u00f3n<\/td>\n    <td>Merienda a cualquier hora<\/td>\n    <td>Tipo<\/td>\n    <td>Tarta de arroz coreana<\/td>\n  <\/tr>\n<\/table>\n\n<\/body>\n<\/html>\t\t\t\t\t\t\t\t<\/div>\n\t\t\t\t<\/div>\n\t\t\t\t\t<\/div>\n\t\t\t\t<\/div>\n\t\t\t\t<\/div>","protected":false},"excerpt":{"rendered":"<p>\ud83c\udf62 Yopokki Tasty Topokki \u2013 Various Flavours \u00a0Yopokki Topokki brings you rich, authentic Korean flavour in a convenient 120g pack&#8230;.<\/p>","protected":false},"featured_media":14777,"comment_status":"open","ping_status":"closed","template":"","meta":{"_acf_changed":false},"etheme_brands":[],"product_brand":[],"product_cat":[118],"product_tag":[],"class_list":{"0":"post-14776","1":"product","2":"type-product","3":"status-publish","4":"has-post-thumbnail","6":"product_cat-sale-shop","8":"first","9":"instock","10":"sale","11":"shipping-taxable","12":"purchasable","13":"product-type-simple"},"acf":[],"_links":{"self":[{"href":"https:\/\/individualityhub.shop\/es\/wp-json\/wp\/v2\/product\/14776","targetHints":{"allow":["GET"]}}],"collection":[{"href":"https:\/\/individualityhub.shop\/es\/wp-json\/wp\/v2\/product"}],"about":[{"href":"https:\/\/individualityhub.shop\/es\/wp-json\/wp\/v2\/types\/product"}],"replies":[{"embeddable":true,"href":"https:\/\/individualityhub.shop\/es\/wp-json\/wp\/v2\/comments?post=14776"}],"version-history":[{"count":4,"href":"https:\/\/individualityhub.shop\/es\/wp-json\/wp\/v2\/product\/14776\/revisions"}],"predecessor-version":[{"id":14795,"href":"https:\/\/individualityhub.shop\/es\/wp-json\/wp\/v2\/product\/14776\/revisions\/14795"}],"wp:featuredmedia":[{"embeddable":true,"href":"https:\/\/individualityhub.shop\/es\/wp-json\/wp\/v2\/media\/14777"}],"wp:attachment":[{"href":"https:\/\/individualityhub.shop\/es\/wp-json\/wp\/v2\/media?parent=14776"}],"wp:term":[{"taxonomy":"brand","embeddable":true,"href":"https:\/\/individualityhub.shop\/es\/wp-json\/wp\/v2\/etheme_brands?post=14776"},{"taxonomy":"product_brand","embeddable":true,"href":"https:\/\/individualityhub.shop\/es\/wp-json\/wp\/v2\/product_brand?post=14776"},{"taxonomy":"product_cat","embeddable":true,"href":"https:\/\/individualityhub.shop\/es\/wp-json\/wp\/v2\/product_cat?post=14776"},{"taxonomy":"product_tag","embeddable":true,"href":"https:\/\/individualityhub.shop\/es\/wp-json\/wp\/v2\/product_tag?post=14776"}],"curies":[{"name":"wp","href":"https:\/\/api.w.org\/{rel}","templated":true}]}}