{"id":14682,"date":"2026-04-02T02:53:53","date_gmt":"2026-04-02T02:53:53","guid":{"rendered":"https:\/\/individualityhub.shop\/?post_type=product&#038;p=14682"},"modified":"2026-04-02T03:03:10","modified_gmt":"2026-04-02T03:03:10","slug":"baliza-v16-conectada-a-dgt-3-0-luz-emergencia-con-led-indicador-homologado-por-dgt-ventosa-sujecion-aluminio-cristal","status":"publish","type":"product","link":"https:\/\/individualityhub.shop\/es\/producto\/baliza-v16-conectada-a-dgt-3-0-luz-emergencia-con-led-indicador-homologado-por-dgt-ventosa-sujecion-aluminio-cristal\/","title":{"rendered":"Baliza V16 | Conectada a DGT 3.0 | Luz Emergencia con Led indicador Homologado por DGT | Ventosa sujecion Aluminio\/Cristal."},"content":{"rendered":"<div data-elementor-type=\"product-post\" data-elementor-id=\"14682\" class=\"elementor elementor-14682\" data-elementor-post-type=\"product\">\n\t\t\t\t<div class=\"elementor-element elementor-element-1ccc717a e-flex e-con-boxed e-con e-parent\" data-id=\"1ccc717a\" data-element_type=\"container\" data-settings=\"{&quot;ekit_has_onepagescroll_dot&quot;:&quot;yes&quot;}\">\n\t\t\t\t\t<div class=\"e-con-inner\">\n\t\t\t\t<div class=\"elementor-element elementor-element-3db76155 elementor-widget elementor-widget-image\" data-id=\"3db76155\" data-element_type=\"widget\" data-settings=\"{&quot;ekit_we_effect_on&quot;:&quot;none&quot;}\" data-widget_type=\"image.default\">\n\t\t\t\t<div class=\"elementor-widget-container\">\n\t\t\t\t\t\t\t\t\t\t\t\t\t\t\t<img loading=\"lazy\" decoding=\"async\" width=\"1600\" height=\"656\" src=\"https:\/\/individualityhub.shop\/wp-content\/uploads\/2026\/04\/IMG_20260402_094344-scaled-1.png\" class=\"attachment-full size-full wp-image-14693 wvs-archive-product-image\" alt=\"\" srcset=\"https:\/\/individualityhub.shop\/wp-content\/uploads\/2026\/04\/IMG_20260402_094344-scaled-1.png 1600w, https:\/\/individualityhub.shop\/wp-content\/uploads\/2026\/04\/IMG_20260402_094344-scaled-1-300x123.png 300w, https:\/\/individualityhub.shop\/wp-content\/uploads\/2026\/04\/IMG_20260402_094344-scaled-1-1024x420.png 1024w, https:\/\/individualityhub.shop\/wp-content\/uploads\/2026\/04\/IMG_20260402_094344-scaled-1-768x315.png 768w, https:\/\/individualityhub.shop\/wp-content\/uploads\/2026\/04\/IMG_20260402_094344-scaled-1-1536x630.png 1536w, https:\/\/individualityhub.shop\/wp-content\/uploads\/2026\/04\/IMG_20260402_094344-scaled-1-18x7.png 18w, https:\/\/individualityhub.shop\/wp-content\/uploads\/2026\/04\/IMG_20260402_094344-scaled-1-600x246.png 600w, https:\/\/individualityhub.shop\/wp-content\/uploads\/2026\/04\/IMG_20260402_094344-scaled-1-1x1.png 1w, https:\/\/individualityhub.shop\/wp-content\/uploads\/2026\/04\/IMG_20260402_094344-scaled-1-10x4.png 10w\" sizes=\"auto, (max-width: 1600px) 100vw, 1600px\" \/>\t\t\t\t\t\t\t\t\t\t\t\t\t\t\t<\/div>\n\t\t\t\t<\/div>\n\t\t\t\t<div class=\"elementor-element elementor-element-573b535e elementor-widget elementor-widget-heading\" data-id=\"573b535e\" data-element_type=\"widget\" data-settings=\"{&quot;ekit_we_effect_on&quot;:&quot;none&quot;}\" data-widget_type=\"heading.default\">\n\t\t\t\t<div class=\"elementor-widget-container\">\n\t\t\t\t\t<h2 class=\"elementor-heading-title elementor-size-default\">Baliza V16\uff1aTu Faro de Seguridad en la Carretera<\/h2>\t\t\t\t<\/div>\n\t\t\t\t<\/div>\n\t\t\t\t<div class=\"elementor-element elementor-element-23ffc814 elementor-widget elementor-widget-text-editor\" data-id=\"23ffc814\" data-element_type=\"widget\" data-settings=\"{&quot;ekit_we_effect_on&quot;:&quot;none&quot;}\" data-widget_type=\"text-editor.default\">\n\t\t\t\t<div class=\"elementor-widget-container\">\n\t\t\t\t\t\t\t\t\t<p>Cumple con la normativa de la DGT para veh\u00edculos en Espa\u00f1a. Sustituye a los tri\u00e1ngulos de emergencia tradicionales, permiti\u00e9ndote se\u00f1alizar peligros sin bajarte del coche, evitando situaciones de riesgo en autov\u00edas.<\/p>\t\t\t\t\t\t\t\t<\/div>\n\t\t\t\t<\/div>\n\t\t\t\t\t<\/div>\n\t\t\t\t<\/div>\n\t\t<div class=\"elementor-element elementor-element-8681642 e-flex e-con-boxed e-con e-parent\" data-id=\"8681642\" data-element_type=\"container\" data-settings=\"{&quot;ekit_has_onepagescroll_dot&quot;:&quot;yes&quot;}\">\n\t\t\t\t\t<div class=\"e-con-inner\">\n\t\t\t\t<div class=\"elementor-element elementor-element-206e0539 elementor--h-position-center elementor--v-position-middle elementor-arrows-position-inside elementor-pagination-position-inside elementor-widget elementor-widget-slides\" data-id=\"206e0539\" data-element_type=\"widget\" data-settings=\"{&quot;navigation&quot;:&quot;both&quot;,&quot;autoplay&quot;:&quot;yes&quot;,&quot;pause_on_hover&quot;:&quot;yes&quot;,&quot;pause_on_interaction&quot;:&quot;yes&quot;,&quot;autoplay_speed&quot;:5000,&quot;infinite&quot;:&quot;yes&quot;,&quot;transition&quot;:&quot;slide&quot;,&quot;transition_speed&quot;:500,&quot;ekit_we_effect_on&quot;:&quot;none&quot;}\" data-widget_type=\"slides.default\">\n\t\t\t\t<div class=\"elementor-widget-container\">\n\t\t\t\t\t\t\t\t\t<div class=\"elementor-swiper\">\r\n\t\t\t\t\t<div class=\"elementor-slides-wrapper elementor-main-swiper swiper\" role=\"region\" aria-roledescription=\"carousel\" aria-label=\"Diapositivas\" dir=\"ltr\" data-animation=\"fadeInUp\">\r\n\t\t\t\t<div class=\"swiper-wrapper elementor-slides\">\r\n\t\t\t\t\t\t\t\t\t\t<div class=\"elementor-repeater-item-10dbff4 swiper-slide\" role=\"group\" aria-roledescription=\"slide\"><div class=\"swiper-slide-bg\" role=\"img\" aria-label=\"IMG_20260402_094304-scaled.png\"><\/div><div class=\"swiper-slide-inner\" ><div class=\"swiper-slide-contents\"><\/div><\/div><\/div><div class=\"elementor-repeater-item-515494a swiper-slide\" role=\"group\" aria-roledescription=\"slide\"><div class=\"swiper-slide-bg\" role=\"img\" aria-label=\"IMG_20260402_094304-scaled.png\"><\/div><div class=\"swiper-slide-inner\" ><div class=\"swiper-slide-contents\"><\/div><\/div><\/div><div class=\"elementor-repeater-item-a5f2b2c swiper-slide\" role=\"group\" aria-roledescription=\"slide\"><div class=\"swiper-slide-bg\" role=\"img\" aria-label=\"IMG_20260402_094325-scaled.png\"><\/div><div class=\"swiper-slide-inner\" ><div class=\"swiper-slide-contents\"><\/div><\/div><\/div>\t\t\t\t<\/div>\r\n\t\t\t\t\t\t\t\t\t\t\t\t\t\t\t<div class=\"elementor-swiper-button elementor-swiper-button-prev\" role=\"button\" tabindex=\"0\" aria-label=\"Diapositiva anterior\" data-no-translation-aria-label=\"\">\r\n\t\t\t\t\t\t\t<svg aria-hidden=\"true\" class=\"e-font-icon-svg e-eicon-chevron-left\" viewbox=\"0 0 1000 1000\" xmlns=\"http:\/\/www.w3.org\/2000\/svg\"><path d=\"M646 125C629 125 613 133 604 142L308 442C296 454 292 471 292 487 292 504 296 521 308 533L604 854C617 867 629 875 646 875 663 875 679 871 692 858 704 846 713 829 713 812 713 796 708 779 692 767L438 487 692 225C700 217 708 204 708 187 708 171 704 154 692 142 675 129 663 125 646 125Z\"><\/path><\/svg>\t\t\t\t\t\t<\/div>\r\n\t\t\t\t\t\t<div class=\"elementor-swiper-button elementor-swiper-button-next\" role=\"button\" tabindex=\"0\" aria-label=\"Siguiente diapositiva\" data-no-translation-aria-label=\"\">\r\n\t\t\t\t\t\t\t<svg aria-hidden=\"true\" class=\"e-font-icon-svg e-eicon-chevron-right\" viewbox=\"0 0 1000 1000\" xmlns=\"http:\/\/www.w3.org\/2000\/svg\"><path d=\"M696 533C708 521 713 504 713 487 713 471 708 454 696 446L400 146C388 133 375 125 354 125 338 125 325 129 313 142 300 154 292 171 292 187 292 204 296 221 308 233L563 492 304 771C292 783 288 800 288 817 288 833 296 850 308 863 321 871 338 875 354 875 371 875 388 867 400 854L696 533Z\"><\/path><\/svg>\t\t\t\t\t\t<\/div>\r\n\t\t\t\t\t\t\t\t\t\t\t\t\t\t\t\t<div class=\"swiper-pagination\"><\/div>\r\n\t\t\t\t\t\t\t\t\t\t\t\t<\/div>\r\n\t\t\t\t<\/div>\r\n\t\t\t\t\t\t\t\t<\/div>\n\t\t\t\t<\/div>\n\t\t\t\t\t<\/div>\n\t\t\t\t<\/div>\n\t\t<div class=\"elementor-element elementor-element-5adf2207 e-flex e-con-boxed e-con e-parent\" data-id=\"5adf2207\" data-element_type=\"container\" data-settings=\"{&quot;ekit_has_onepagescroll_dot&quot;:&quot;yes&quot;}\">\n\t\t\t\t\t<div class=\"e-con-inner\">\n\t\t\t\t<div class=\"elementor-element elementor-element-541fe26d elementor-widget elementor-widget-image\" data-id=\"541fe26d\" data-element_type=\"widget\" data-settings=\"{&quot;ekit_we_effect_on&quot;:&quot;none&quot;}\" data-widget_type=\"image.default\">\n\t\t\t\t<div class=\"elementor-widget-container\">\n\t\t\t\t\t\t\t\t\t\t\t\t\t\t\t<img loading=\"lazy\" decoding=\"async\" width=\"1600\" height=\"656\" src=\"https:\/\/individualityhub.shop\/wp-content\/uploads\/2026\/04\/IMG_20260402_094246-scaled-1.png\" class=\"attachment-full size-full wp-image-14696 wvs-archive-product-image\" alt=\"\" srcset=\"https:\/\/individualityhub.shop\/wp-content\/uploads\/2026\/04\/IMG_20260402_094246-scaled-1.png 1600w, https:\/\/individualityhub.shop\/wp-content\/uploads\/2026\/04\/IMG_20260402_094246-scaled-1-300x123.png 300w, https:\/\/individualityhub.shop\/wp-content\/uploads\/2026\/04\/IMG_20260402_094246-scaled-1-1024x420.png 1024w, https:\/\/individualityhub.shop\/wp-content\/uploads\/2026\/04\/IMG_20260402_094246-scaled-1-768x315.png 768w, https:\/\/individualityhub.shop\/wp-content\/uploads\/2026\/04\/IMG_20260402_094246-scaled-1-1536x630.png 1536w, https:\/\/individualityhub.shop\/wp-content\/uploads\/2026\/04\/IMG_20260402_094246-scaled-1-18x7.png 18w, https:\/\/individualityhub.shop\/wp-content\/uploads\/2026\/04\/IMG_20260402_094246-scaled-1-600x246.png 600w, https:\/\/individualityhub.shop\/wp-content\/uploads\/2026\/04\/IMG_20260402_094246-scaled-1-1x1.png 1w, https:\/\/individualityhub.shop\/wp-content\/uploads\/2026\/04\/IMG_20260402_094246-scaled-1-10x4.png 10w\" sizes=\"auto, (max-width: 1600px) 100vw, 1600px\" \/>\t\t\t\t\t\t\t\t\t\t\t\t\t\t\t<\/div>\n\t\t\t\t<\/div>\n\t\t\t\t<div class=\"elementor-element elementor-element-73fa6667 elementor-widget elementor-widget-heading\" data-id=\"73fa6667\" data-element_type=\"widget\" data-settings=\"{&quot;ekit_we_effect_on&quot;:&quot;none&quot;}\" data-widget_type=\"heading.default\">\n\t\t\t\t<div class=\"elementor-widget-container\">\n\t\t\t\t\t<h2 class=\"elementor-heading-title elementor-size-default\">Instalaci\u00f3n Magn\u00e9tica y Autoadhesiva<\/h2>\t\t\t\t<\/div>\n\t\t\t\t<\/div>\n\t\t\t\t<div class=\"elementor-element elementor-element-3ca2c263 elementor-widget elementor-widget-heading\" data-id=\"3ca2c263\" data-element_type=\"widget\" data-settings=\"{&quot;ekit_we_effect_on&quot;:&quot;none&quot;}\" data-widget_type=\"heading.default\">\n\t\t\t\t<div class=\"elementor-widget-container\">\n\t\t\t\t\t<h2 class=\"elementor-heading-title elementor-size-default\">Visibilidad 360\u00b0 y Alta Luminosidad \/ 360 <\/h2>\t\t\t\t<\/div>\n\t\t\t\t<\/div>\n\t\t\t\t<div class=\"elementor-element elementor-element-7492c451 elementor-widget elementor-widget-text-editor\" data-id=\"7492c451\" data-element_type=\"widget\" data-settings=\"{&quot;ekit_we_effect_on&quot;:&quot;none&quot;}\" data-widget_type=\"text-editor.default\">\n\t\t\t\t<div class=\"elementor-widget-container\">\n\t\t\t\t\t\t\t\t\t<p>Base con potente im\u00e1n y opci\u00f3n adhesiva. Se adhiere al techo o la carrocer\u00eda en segundos. Con conexi\u00f3n a 12V, una vez colocada, siempre est\u00e1 lista para usar sin necesidad de buscar pilas.<\/p><p>Luz LED de 360 grados con tecnolog\u00eda de destello sincronizado. Visible a larga distancia incluso en condiciones de niebla, lluvia intensa o noche cerrada, superando ampliamente la visibilidad de los tri\u00e1ngulos reflectantes.<\/p>\t\t\t\t\t\t\t\t<\/div>\n\t\t\t\t<\/div>\n\t\t\t\t<div class=\"elementor-element elementor-element-7a345f6e elementor-widget elementor-widget-image\" data-id=\"7a345f6e\" data-element_type=\"widget\" data-settings=\"{&quot;ekit_we_effect_on&quot;:&quot;none&quot;}\" data-widget_type=\"image.default\">\n\t\t\t\t<div class=\"elementor-widget-container\">\n\t\t\t\t\t\t\t\t\t\t\t\t\t\t\t<img loading=\"lazy\" decoding=\"async\" width=\"1024\" height=\"420\" src=\"https:\/\/individualityhub.shop\/wp-content\/uploads\/2026\/04\/IMG_20260402_094409-scaled-1-1024x420.png\" class=\"attachment-large size-large wp-image-14697 wvs-archive-product-image\" alt=\"\" srcset=\"https:\/\/individualityhub.shop\/wp-content\/uploads\/2026\/04\/IMG_20260402_094409-scaled-1-1024x420.png 1024w, https:\/\/individualityhub.shop\/wp-content\/uploads\/2026\/04\/IMG_20260402_094409-scaled-1-300x123.png 300w, https:\/\/individualityhub.shop\/wp-content\/uploads\/2026\/04\/IMG_20260402_094409-scaled-1-768x315.png 768w, https:\/\/individualityhub.shop\/wp-content\/uploads\/2026\/04\/IMG_20260402_094409-scaled-1-1536x630.png 1536w, https:\/\/individualityhub.shop\/wp-content\/uploads\/2026\/04\/IMG_20260402_094409-scaled-1-18x7.png 18w, https:\/\/individualityhub.shop\/wp-content\/uploads\/2026\/04\/IMG_20260402_094409-scaled-1-600x246.png 600w, https:\/\/individualityhub.shop\/wp-content\/uploads\/2026\/04\/IMG_20260402_094409-scaled-1-1x1.png 1w, https:\/\/individualityhub.shop\/wp-content\/uploads\/2026\/04\/IMG_20260402_094409-scaled-1-10x4.png 10w, https:\/\/individualityhub.shop\/wp-content\/uploads\/2026\/04\/IMG_20260402_094409-scaled-1.png 1600w\" sizes=\"auto, (max-width: 1024px) 100vw, 1024px\" \/>\t\t\t\t\t\t\t\t\t\t\t\t\t\t\t<\/div>\n\t\t\t\t<\/div>\n\t\t\t\t<div class=\"elementor-element elementor-element-2d8d052 elementor-widget elementor-widget-heading\" data-id=\"2d8d052\" data-element_type=\"widget\" data-settings=\"{&quot;ekit_we_effect_on&quot;:&quot;none&quot;}\" data-widget_type=\"heading.default\">\n\t\t\t\t<div class=\"elementor-widget-container\">\n\t\t\t\t\t<h2 class=\"elementor-heading-title elementor-size-default\">Dise\u00f1o resistente y funcional <\/h2>\t\t\t\t<\/div>\n\t\t\t\t<\/div>\n\t\t\t\t<div class=\"elementor-element elementor-element-3bdfc2ff elementor-widget elementor-widget-heading\" data-id=\"3bdfc2ff\" data-element_type=\"widget\" data-settings=\"{&quot;ekit_we_effect_on&quot;:&quot;none&quot;}\" data-widget_type=\"heading.default\">\n\t\t\t\t<div class=\"elementor-widget-container\">\n\t\t\t\t\t<h2 class=\"elementor-heading-title elementor-size-default\">Geolocalizaci\u00f3n y Conectividad<\/h2>\t\t\t\t<\/div>\n\t\t\t\t<\/div>\n\t\t\t\t<div class=\"elementor-element elementor-element-d7d5eee elementor-widget elementor-widget-text-editor\" data-id=\"d7d5eee\" data-element_type=\"widget\" data-settings=\"{&quot;ekit_we_effect_on&quot;:&quot;none&quot;}\" data-widget_type=\"text-editor.default\">\n\t\t\t\t<div class=\"elementor-widget-container\">\n\t\t\t\t\t\t\t\t\t<p>Fabricado con materiales resistentes al agua y a altas temperaturas. Su dise\u00f1o compacto no estorba en el salpicadero o en la guantera. Conexi\u00f3n plug &amp; play: solo con enchufarlo al mechero del coche, funciona autom\u00e1ticamente.<\/p><p>Modelo conectado con GPS y geolocalizaci\u00f3n. En caso de aver\u00eda o accidente, la baliza env\u00eda autom\u00e1ticamente tu ubicaci\u00f3n exacta a la plataforma de la DGT y otros conductores, agilizando la asistencia y avisando al resto del tr\u00e1fico con antelaci\u00f3n.<\/p>\t\t\t\t\t\t\t\t<\/div>\n\t\t\t\t<\/div>\n\t\t\t\t\t<\/div>\n\t\t\t\t<\/div>\n\t\t<div class=\"elementor-element elementor-element-17aca64f e-flex e-con-boxed e-con e-parent\" data-id=\"17aca64f\" data-element_type=\"container\" data-settings=\"{&quot;ekit_has_onepagescroll_dot&quot;:&quot;yes&quot;}\">\n\t\t\t\t\t<div class=\"e-con-inner\">\n\t\t\t\t<div class=\"elementor-element elementor-element-4eb05101 elementor-widget elementor-widget-text-editor\" data-id=\"4eb05101\" data-element_type=\"widget\" data-settings=\"{&quot;ekit_we_effect_on&quot;:&quot;none&quot;}\" data-widget_type=\"text-editor.default\">\n\t\t\t\t<div class=\"elementor-widget-container\">\n\t\t\t\t\t\t\t\t\t<div class=\"elementor-widget-container\">\n    # Caracter\u00edsticas y especificaciones\n\n    <div class=\"product-table\">\n        <div class=\"product-row\">\n            <div class=\"product-label\">Usos espec\u00edficos del producto<\/div>\n            <div class=\"product-value\">Baliza v16 Conectada y homologada por la DGT 3.0, Certificado IDIADA PC25060215, Indicador LED Para verificar que el dispositivo est\u00e1 conectado y operativo.<\/div>\n        <\/div>\n        <div class=\"product-row\">\n            <div class=\"product-label\">Fuente de luz<\/div>\n            <div class=\"product-value\">LED<\/div>\n        <\/div>\n        <div class=\"product-row\">\n            <div class=\"product-label\">Compatible con el tipo de veh\u00edculo<\/div>\n            <div class=\"product-value\">Autob\u00fas, Coche, Moto, Cami\u00f3n, Furgoneta<\/div>\n        <\/div>\n        <div class=\"product-row\">\n            <div class=\"product-label\">Caracter\u00edsticas especiales<\/div>\n            <div class=\"product-value\">Resistente a la corrosi\u00f3n, al polvo y al agua<\/div>\n        <\/div>\n        <div class=\"product-row\">\n            <div class=\"product-label\">Tensi\u00f3n<\/div>\n            <div class=\"product-value\">9 voltios<\/div>\n        <\/div>\n        <div class=\"product-row\">\n            <div class=\"product-label\">Auto Part Position<\/div>\n            <div class=\"product-value\">Delantero izquierdo, delantero derecho<\/div>\n        <\/div>\n    <\/div>\n\n    <style>\n        .product-table {\n            width: 100%;\n            border-top: 1px solid #000;\n            font-family: Arial, sans-serif;\n        }\n\n        .product-row {\n            display: flex;\n            border-bottom: 1px solid #000;\n            padding: 12px 0;\n        }\n\n        .product-label {\n            flex: 1;\n            font-weight: bold;\n            min-width: 200px;\n            padding-right: 20px;\n        }\n\n        .product-value {\n            flex: 1;\n            min-width: 200px;\n        }\n    <\/style>\n<\/div>\t\t\t\t\t\t\t\t<\/div>\n\t\t\t\t<\/div>\n\t\t\t\t\t<\/div>\n\t\t\t\t<\/div>\n\t\t\t\t<\/div>","protected":false},"excerpt":{"rendered":"<h1 class=\"a-size-base-plus a-text-bold\">Acerca de este art\u00edculo<\/h1>\n<ul class=\"a-unordered-list a-vertical a-spacing-mini\">\n<li class=\"a-spacing-mini\"><span class=\"a-list-item\">La Baliza V16 | 2\u00aa GENERACI\u00d3N con Geolocalizaci\u00f3n DGT 3.0 con Luz Indicadora. Esta luz V16 con Geolocalizador incorporado env\u00eda tu posici\u00f3n en tiempo real al DGT, asegurando que puedas ser localizado r\u00e1pida y eficientemente | Emite luz visible a m\u00e1s de 1km en 360\u00b0 | Resistencia al viento | Resistencia al agua IP54.<\/span><\/li>\n<\/ul>","protected":false},"featured_media":14686,"comment_status":"open","ping_status":"closed","template":"","meta":{"_acf_changed":false},"etheme_brands":[],"product_brand":[],"product_cat":[118],"product_tag":[],"class_list":{"0":"post-14682","1":"product","2":"type-product","3":"status-publish","4":"has-post-thumbnail","6":"product_cat-sale-shop","8":"first","9":"instock","10":"sale","11":"shipping-taxable","12":"purchasable","13":"product-type-variable","14":"has-default-attributes","15":"wvs-archive-product-wrapper"},"acf":[],"_links":{"self":[{"href":"https:\/\/individualityhub.shop\/es\/wp-json\/wp\/v2\/product\/14682","targetHints":{"allow":["GET"]}}],"collection":[{"href":"https:\/\/individualityhub.shop\/es\/wp-json\/wp\/v2\/product"}],"about":[{"href":"https:\/\/individualityhub.shop\/es\/wp-json\/wp\/v2\/types\/product"}],"replies":[{"embeddable":true,"href":"https:\/\/individualityhub.shop\/es\/wp-json\/wp\/v2\/comments?post=14682"}],"version-history":[{"count":4,"href":"https:\/\/individualityhub.shop\/es\/wp-json\/wp\/v2\/product\/14682\/revisions"}],"predecessor-version":[{"id":14705,"href":"https:\/\/individualityhub.shop\/es\/wp-json\/wp\/v2\/product\/14682\/revisions\/14705"}],"wp:featuredmedia":[{"embeddable":true,"href":"https:\/\/individualityhub.shop\/es\/wp-json\/wp\/v2\/media\/14686"}],"wp:attachment":[{"href":"https:\/\/individualityhub.shop\/es\/wp-json\/wp\/v2\/media?parent=14682"}],"wp:term":[{"taxonomy":"brand","embeddable":true,"href":"https:\/\/individualityhub.shop\/es\/wp-json\/wp\/v2\/etheme_brands?post=14682"},{"taxonomy":"product_brand","embeddable":true,"href":"https:\/\/individualityhub.shop\/es\/wp-json\/wp\/v2\/product_brand?post=14682"},{"taxonomy":"product_cat","embeddable":true,"href":"https:\/\/individualityhub.shop\/es\/wp-json\/wp\/v2\/product_cat?post=14682"},{"taxonomy":"product_tag","embeddable":true,"href":"https:\/\/individualityhub.shop\/es\/wp-json\/wp\/v2\/product_tag?post=14682"}],"curies":[{"name":"wp","href":"https:\/\/api.w.org\/{rel}","templated":true}]}}