{"id":14424,"date":"2026-03-04T03:55:47","date_gmt":"2026-03-04T03:55:47","guid":{"rendered":"https:\/\/individualityhub.shop\/?post_type=product&#038;p=14424"},"modified":"2026-03-06T03:02:41","modified_gmt":"2026-03-06T03:02:41","slug":"finlux-50-inch-4k-hdr-led-smart-tv-mu24f-netflix-youtube-prime-video-disney-now-tv-tnt-sports-alexa-dolby-atmos-dolby-vision-dts-virtual-x-dts-hd-motion-flow-micro-dimming","status":"publish","type":"product","link":"https:\/\/individualityhub.shop\/es\/producto\/finlux-50-inch-4k-hdr-led-smart-tv-mu24f-netflix-youtube-prime-video-disney-now-tv-tnt-sports-alexa-dolby-atmos-dolby-vision-dts-virtual-x-dts-hd-motion-flow-micro-dimming\/","title":{"rendered":"Finlux 50 pulgadas 4K HDR LED Smart TV - MU24F - Netflix - YouTube - Prime Video - Disney+ - Now TV - TNT Sports - Alexa - Dolby Atmos - Dolby Vision - DTS Virtual X - DTS HD - Motion Flow - Micro Dimming"},"content":{"rendered":"<div data-elementor-type=\"product-post\" data-elementor-id=\"14424\" class=\"elementor elementor-14424\" data-elementor-post-type=\"product\">\n\t\t\t\t<div class=\"elementor-element elementor-element-3c650db9 e-flex e-con-boxed e-con e-parent\" data-id=\"3c650db9\" data-element_type=\"container\" data-settings=\"{&quot;ekit_has_onepagescroll_dot&quot;:&quot;yes&quot;}\">\n\t\t\t\t\t<div class=\"e-con-inner\">\n\t\t\t\t<div class=\"elementor-element elementor-element-3c375156 elementor-widget elementor-widget-image\" data-id=\"3c375156\" data-element_type=\"widget\" data-settings=\"{&quot;ekit_we_effect_on&quot;:&quot;none&quot;}\" data-widget_type=\"image.default\">\n\t\t\t\t<div class=\"elementor-widget-container\">\n\t\t\t\t\t\t\t\t\t\t\t\t\t\t\t<img loading=\"lazy\" decoding=\"async\" width=\"1500\" height=\"1000\" src=\"https:\/\/individualityhub.shop\/wp-content\/uploads\/2026\/03\/81PFse3SpQL._AC_SL1500_.jpg\" class=\"attachment-full size-full wp-image-14432 wvs-archive-product-image\" alt=\"\" srcset=\"https:\/\/individualityhub.shop\/wp-content\/uploads\/2026\/03\/81PFse3SpQL._AC_SL1500_.jpg 1500w, https:\/\/individualityhub.shop\/wp-content\/uploads\/2026\/03\/81PFse3SpQL._AC_SL1500_-300x200.jpg 300w, https:\/\/individualityhub.shop\/wp-content\/uploads\/2026\/03\/81PFse3SpQL._AC_SL1500_-1024x683.jpg 1024w, https:\/\/individualityhub.shop\/wp-content\/uploads\/2026\/03\/81PFse3SpQL._AC_SL1500_-768x512.jpg 768w, https:\/\/individualityhub.shop\/wp-content\/uploads\/2026\/03\/81PFse3SpQL._AC_SL1500_-18x12.jpg 18w, https:\/\/individualityhub.shop\/wp-content\/uploads\/2026\/03\/81PFse3SpQL._AC_SL1500_-600x400.jpg 600w, https:\/\/individualityhub.shop\/wp-content\/uploads\/2026\/03\/81PFse3SpQL._AC_SL1500_-1x1.jpg 1w, https:\/\/individualityhub.shop\/wp-content\/uploads\/2026\/03\/81PFse3SpQL._AC_SL1500_-10x7.jpg 10w\" sizes=\"auto, (max-width: 1500px) 100vw, 1500px\" \/>\t\t\t\t\t\t\t\t\t\t\t\t\t\t\t<\/div>\n\t\t\t\t<\/div>\n\t\t\t\t<div class=\"elementor-element elementor-element-3b6caeb1 elementor-widget elementor-widget-image\" data-id=\"3b6caeb1\" data-element_type=\"widget\" data-settings=\"{&quot;ekit_we_effect_on&quot;:&quot;none&quot;}\" data-widget_type=\"image.default\">\n\t\t\t\t<div class=\"elementor-widget-container\">\n\t\t\t\t\t\t\t\t\t\t\t\t\t\t\t<img loading=\"lazy\" decoding=\"async\" width=\"1500\" height=\"1000\" src=\"https:\/\/individualityhub.shop\/wp-content\/uploads\/2026\/03\/711aCdWd40L._AC_SL1500_.jpg\" class=\"attachment-full size-full wp-image-14433 wvs-archive-product-image\" alt=\"\" srcset=\"https:\/\/individualityhub.shop\/wp-content\/uploads\/2026\/03\/711aCdWd40L._AC_SL1500_.jpg 1500w, https:\/\/individualityhub.shop\/wp-content\/uploads\/2026\/03\/711aCdWd40L._AC_SL1500_-300x200.jpg 300w, https:\/\/individualityhub.shop\/wp-content\/uploads\/2026\/03\/711aCdWd40L._AC_SL1500_-1024x683.jpg 1024w, https:\/\/individualityhub.shop\/wp-content\/uploads\/2026\/03\/711aCdWd40L._AC_SL1500_-768x512.jpg 768w, https:\/\/individualityhub.shop\/wp-content\/uploads\/2026\/03\/711aCdWd40L._AC_SL1500_-18x12.jpg 18w, https:\/\/individualityhub.shop\/wp-content\/uploads\/2026\/03\/711aCdWd40L._AC_SL1500_-600x400.jpg 600w, https:\/\/individualityhub.shop\/wp-content\/uploads\/2026\/03\/711aCdWd40L._AC_SL1500_-1x1.jpg 1w, https:\/\/individualityhub.shop\/wp-content\/uploads\/2026\/03\/711aCdWd40L._AC_SL1500_-10x7.jpg 10w\" sizes=\"auto, (max-width: 1500px) 100vw, 1500px\" \/>\t\t\t\t\t\t\t\t\t\t\t\t\t\t\t<\/div>\n\t\t\t\t<\/div>\n\t\t\t\t<div class=\"elementor-element elementor-element-6a9238fd elementor-widget elementor-widget-image\" data-id=\"6a9238fd\" data-element_type=\"widget\" data-settings=\"{&quot;ekit_we_effect_on&quot;:&quot;none&quot;}\" data-widget_type=\"image.default\">\n\t\t\t\t<div class=\"elementor-widget-container\">\n\t\t\t\t\t\t\t\t\t\t\t\t\t\t\t<img loading=\"lazy\" decoding=\"async\" width=\"1500\" height=\"1000\" src=\"https:\/\/individualityhub.shop\/wp-content\/uploads\/2026\/03\/812w4HVqNL._AC_SL1500_.jpg\" class=\"attachment-full size-full wp-image-14434 wvs-archive-product-image\" alt=\"\" srcset=\"https:\/\/individualityhub.shop\/wp-content\/uploads\/2026\/03\/812w4HVqNL._AC_SL1500_.jpg 1500w, https:\/\/individualityhub.shop\/wp-content\/uploads\/2026\/03\/812w4HVqNL._AC_SL1500_-300x200.jpg 300w, https:\/\/individualityhub.shop\/wp-content\/uploads\/2026\/03\/812w4HVqNL._AC_SL1500_-1024x683.jpg 1024w, https:\/\/individualityhub.shop\/wp-content\/uploads\/2026\/03\/812w4HVqNL._AC_SL1500_-768x512.jpg 768w, https:\/\/individualityhub.shop\/wp-content\/uploads\/2026\/03\/812w4HVqNL._AC_SL1500_-18x12.jpg 18w, https:\/\/individualityhub.shop\/wp-content\/uploads\/2026\/03\/812w4HVqNL._AC_SL1500_-600x400.jpg 600w, https:\/\/individualityhub.shop\/wp-content\/uploads\/2026\/03\/812w4HVqNL._AC_SL1500_-1x1.jpg 1w, https:\/\/individualityhub.shop\/wp-content\/uploads\/2026\/03\/812w4HVqNL._AC_SL1500_-10x7.jpg 10w\" sizes=\"auto, (max-width: 1500px) 100vw, 1500px\" \/>\t\t\t\t\t\t\t\t\t\t\t\t\t\t\t<\/div>\n\t\t\t\t<\/div>\n\t\t\t\t<div class=\"elementor-element elementor-element-13b41ae5 elementor-widget elementor-widget-image\" data-id=\"13b41ae5\" data-element_type=\"widget\" data-settings=\"{&quot;ekit_we_effect_on&quot;:&quot;none&quot;}\" data-widget_type=\"image.default\">\n\t\t\t\t<div class=\"elementor-widget-container\">\n\t\t\t\t\t\t\t\t\t\t\t\t\t\t\t<img loading=\"lazy\" decoding=\"async\" width=\"800\" height=\"695\" src=\"https:\/\/individualityhub.shop\/wp-content\/uploads\/2026\/03\/ea942e0361f74bf383a53744ddc61510_tplv-t5fjg24jzw-resize-jpeg_800_800-1.jpeg\" class=\"attachment-full size-full wp-image-14435 wvs-archive-product-image\" alt=\"\" srcset=\"https:\/\/individualityhub.shop\/wp-content\/uploads\/2026\/03\/ea942e0361f74bf383a53744ddc61510_tplv-t5fjg24jzw-resize-jpeg_800_800-1.jpeg 800w, https:\/\/individualityhub.shop\/wp-content\/uploads\/2026\/03\/ea942e0361f74bf383a53744ddc61510_tplv-t5fjg24jzw-resize-jpeg_800_800-1-300x261.jpeg 300w, https:\/\/individualityhub.shop\/wp-content\/uploads\/2026\/03\/ea942e0361f74bf383a53744ddc61510_tplv-t5fjg24jzw-resize-jpeg_800_800-1-768x667.jpeg 768w, https:\/\/individualityhub.shop\/wp-content\/uploads\/2026\/03\/ea942e0361f74bf383a53744ddc61510_tplv-t5fjg24jzw-resize-jpeg_800_800-1-14x12.jpeg 14w, https:\/\/individualityhub.shop\/wp-content\/uploads\/2026\/03\/ea942e0361f74bf383a53744ddc61510_tplv-t5fjg24jzw-resize-jpeg_800_800-1-600x521.jpeg 600w, https:\/\/individualityhub.shop\/wp-content\/uploads\/2026\/03\/ea942e0361f74bf383a53744ddc61510_tplv-t5fjg24jzw-resize-jpeg_800_800-1-1x1.jpeg 1w, https:\/\/individualityhub.shop\/wp-content\/uploads\/2026\/03\/ea942e0361f74bf383a53744ddc61510_tplv-t5fjg24jzw-resize-jpeg_800_800-1-10x10.jpeg 10w\" sizes=\"auto, (max-width: 800px) 100vw, 800px\" \/>\t\t\t\t\t\t\t\t\t\t\t\t\t\t\t<\/div>\n\t\t\t\t<\/div>\n\t\t\t\t\t<\/div>\n\t\t\t\t<\/div>\n\t\t<div class=\"elementor-element elementor-element-729e4991 e-flex e-con-boxed e-con e-parent\" data-id=\"729e4991\" data-element_type=\"container\" data-settings=\"{&quot;ekit_has_onepagescroll_dot&quot;:&quot;yes&quot;}\">\n\t\t\t\t\t<div class=\"e-con-inner\">\n\t\t\t\t<div class=\"elementor-element elementor-element-300b5ce8 elementor-position-left elementor-vertical-align-middle elementor-widget elementor-widget-image-box\" data-id=\"300b5ce8\" data-element_type=\"widget\" data-settings=\"{&quot;ekit_we_effect_on&quot;:&quot;none&quot;}\" data-widget_type=\"image-box.default\">\n\t\t\t\t<div class=\"elementor-widget-container\">\n\t\t\t\t\t<div class=\"elementor-image-box-wrapper\"><figure class=\"elementor-image-box-img\"><img loading=\"lazy\" decoding=\"async\" width=\"1412\" height=\"1444\" src=\"https:\/\/individualityhub.shop\/wp-content\/uploads\/2026\/03\/71eRmHf-qAL._AC_SL1500_-5.jpg\" class=\"attachment-full size-full wp-image-14436 wvs-archive-product-image\" alt=\"\" srcset=\"https:\/\/individualityhub.shop\/wp-content\/uploads\/2026\/03\/71eRmHf-qAL._AC_SL1500_-5.jpg 1412w, https:\/\/individualityhub.shop\/wp-content\/uploads\/2026\/03\/71eRmHf-qAL._AC_SL1500_-5-293x300.jpg 293w, https:\/\/individualityhub.shop\/wp-content\/uploads\/2026\/03\/71eRmHf-qAL._AC_SL1500_-5-1001x1024.jpg 1001w, https:\/\/individualityhub.shop\/wp-content\/uploads\/2026\/03\/71eRmHf-qAL._AC_SL1500_-5-768x785.jpg 768w, https:\/\/individualityhub.shop\/wp-content\/uploads\/2026\/03\/71eRmHf-qAL._AC_SL1500_-5-12x12.jpg 12w, https:\/\/individualityhub.shop\/wp-content\/uploads\/2026\/03\/71eRmHf-qAL._AC_SL1500_-5-600x614.jpg 600w, https:\/\/individualityhub.shop\/wp-content\/uploads\/2026\/03\/71eRmHf-qAL._AC_SL1500_-5-50x50.jpg 50w, https:\/\/individualityhub.shop\/wp-content\/uploads\/2026\/03\/71eRmHf-qAL._AC_SL1500_-5-1x1.jpg 1w, https:\/\/individualityhub.shop\/wp-content\/uploads\/2026\/03\/71eRmHf-qAL._AC_SL1500_-5-10x10.jpg 10w\" sizes=\"auto, (max-width: 1412px) 100vw, 1412px\" \/><\/figure><div class=\"elementor-image-box-content\"><h3 class=\"elementor-image-box-title\">Finlux 50 pulgadas 4K HDR LED Smart TV<\/h3><p class=\"elementor-image-box-description\">Con resoluci\u00f3n 4K Ultra HD y HDR, este televisor da vida a todas las escenas con una claridad excepcional, colores vivos y un contraste preciso. Dolby Vision mejora a\u00fan m\u00e1s la calidad de imagen, reproduciendo el color y la profundidad cinematogr\u00e1ficos tal y como los creadores los concibieron. Micro Dimming optimiza el contraste de la pantalla zona por zona, mientras que Motion Flow garantiza un movimiento fluido y sin desenfoques durante los deportes de acci\u00f3n r\u00e1pida, las pel\u00edculas y los juegos.\nDisfruta de streaming sin fin con un completo conjunto de aplicaciones premium integradas: Netflix, YouTube, Prime Video, Disney+, Now TV y TNT Sports, todas ellas f\u00e1cilmente accesibles en la intuitiva plataforma inteligente. Controla lo que ves sin esfuerzo con el control por voz de Alexa, para navegaci\u00f3n manos libres e integraci\u00f3n en el hogar inteligente.<\/p><\/div><\/div>\t\t\t\t<\/div>\n\t\t\t\t<\/div>\n\t\t\t\t\t<\/div>\n\t\t\t\t<\/div>\n\t\t<div class=\"elementor-element elementor-element-2e5270a3 e-flex e-con-boxed e-con e-parent\" data-id=\"2e5270a3\" data-element_type=\"container\" data-settings=\"{&quot;ekit_has_onepagescroll_dot&quot;:&quot;yes&quot;}\">\n\t\t\t\t\t<div class=\"e-con-inner\">\n\t\t\t\t<div class=\"elementor-element elementor-element-75906392 elementor-widget elementor-widget-text-editor\" data-id=\"75906392\" data-element_type=\"widget\" data-settings=\"{&quot;ekit_we_effect_on&quot;:&quot;none&quot;}\" data-widget_type=\"text-editor.default\">\n\t\t\t\t<div class=\"elementor-widget-container\">\n\t\t\t\t\t\t\t\t\t<div class=\"elementor-widget-container\">\n\n<div class=\"product-table\">\n<div class=\"product-row\">\n<div class=\"product-label\"><strong>Color<\/strong><\/div>\n<div class=\"product-value\"><strong>Negro<\/strong><\/div>\n<\/div>\n<div class=\"product-row\">\n<div class=\"product-label\"><strong>Peso<\/strong><\/div>\n<div class=\"product-value\"><strong>12,5 kg<\/strong><\/div>\n<\/div>\n<div class=\"product-row\">\n<div class=\"product-label\"><strong>Utilizaci\u00f3n<\/strong><\/div>\n<div class=\"product-value\"><strong>Entretenimiento en casa, pel\u00edculas, streaming, juegos<\/strong><\/div>\n<\/div>\n<div class=\"product-row\">\n<div class=\"product-label\"><strong>Para<\/strong><\/div>\n<div class=\"product-value\"><strong>Usuarios dom\u00e9sticos, familias, amantes del streaming<\/strong><\/div>\n<\/div>\n<div class=\"product-row\">\n<div class=\"product-label\"><strong>Material<\/strong><\/div>\n<div class=\"product-value\"><strong>Pl\u00e1stico, metal, vidrio<\/strong><\/div>\n<\/div>\n<div class=\"product-row\">\n<div class=\"product-label\"><strong>Talla<\/strong><\/div>\n<div class=\"product-value\"><strong>50 pulgadas<\/strong><\/div>\n<\/div>\n<\/div>\n<style>\n.product-table {\nwidth: 100%;\nborder-top: 1px solid #000;\nfont-family: Arial, sans-serif;\n}\n.product-row {\ndisplay: flex;\nborder-bottom: 1px solid #000;\npadding: 12px 0;\n}\n.product-label {\nflex: 1;\nfont-weight: bold;\nmin-width: 200px;\npadding-right: 20px;\n}\n.product-value {\nflex: 1;\nmin-width: 200px;\n}\n<\/style>\n<\/div>\t\t\t\t\t\t\t\t<\/div>\n\t\t\t\t<\/div>\n\t\t\t\t\t<\/div>\n\t\t\t\t<\/div>\n\t\t\t\t<\/div>","protected":false},"excerpt":{"rendered":"<p>Finlux 50 inch 4K HDR LED Smart TV Powered by 4K Ultra HD resolution and HDR, this TV brings every&#8230;<\/p>","protected":false},"featured_media":14425,"comment_status":"open","ping_status":"closed","template":"","meta":{"_acf_changed":false},"etheme_brands":[],"product_brand":[],"product_cat":[118],"product_tag":[],"class_list":{"0":"post-14424","1":"product","2":"type-product","3":"status-publish","4":"has-post-thumbnail","6":"product_cat-sale-shop","8":"first","9":"instock","10":"sale","11":"shipping-taxable","12":"purchasable","13":"product-type-simple"},"acf":[],"_links":{"self":[{"href":"https:\/\/individualityhub.shop\/es\/wp-json\/wp\/v2\/product\/14424","targetHints":{"allow":["GET"]}}],"collection":[{"href":"https:\/\/individualityhub.shop\/es\/wp-json\/wp\/v2\/product"}],"about":[{"href":"https:\/\/individualityhub.shop\/es\/wp-json\/wp\/v2\/types\/product"}],"replies":[{"embeddable":true,"href":"https:\/\/individualityhub.shop\/es\/wp-json\/wp\/v2\/comments?post=14424"}],"version-history":[{"count":4,"href":"https:\/\/individualityhub.shop\/es\/wp-json\/wp\/v2\/product\/14424\/revisions"}],"predecessor-version":[{"id":14444,"href":"https:\/\/individualityhub.shop\/es\/wp-json\/wp\/v2\/product\/14424\/revisions\/14444"}],"wp:featuredmedia":[{"embeddable":true,"href":"https:\/\/individualityhub.shop\/es\/wp-json\/wp\/v2\/media\/14425"}],"wp:attachment":[{"href":"https:\/\/individualityhub.shop\/es\/wp-json\/wp\/v2\/media?parent=14424"}],"wp:term":[{"taxonomy":"brand","embeddable":true,"href":"https:\/\/individualityhub.shop\/es\/wp-json\/wp\/v2\/etheme_brands?post=14424"},{"taxonomy":"product_brand","embeddable":true,"href":"https:\/\/individualityhub.shop\/es\/wp-json\/wp\/v2\/product_brand?post=14424"},{"taxonomy":"product_cat","embeddable":true,"href":"https:\/\/individualityhub.shop\/es\/wp-json\/wp\/v2\/product_cat?post=14424"},{"taxonomy":"product_tag","embeddable":true,"href":"https:\/\/individualityhub.shop\/es\/wp-json\/wp\/v2\/product_tag?post=14424"}],"curies":[{"name":"wp","href":"https:\/\/api.w.org\/{rel}","templated":true}]}}