{"id":14196,"date":"2026-01-28T02:56:16","date_gmt":"2026-01-28T02:56:16","guid":{"rendered":"https:\/\/individualityhub.shop\/?post_type=product&#038;p=14196"},"modified":"2026-01-28T11:27:15","modified_gmt":"2026-01-28T11:27:15","slug":"spztjk-multifunktionaler-elektrischer-schneidroboter-aus%ef%bc%8c-fleischhacker-fur-den-hausgebrauch-zerkleinerer-elektrisch%ef%bc%8czwei-schusseln%ef%bc%88edelstahls-glass%ef%bc%89und-klingen","status":"publish","type":"product","link":"https:\/\/individualityhub.shop\/es\/producto\/spztjk-multifunktionaler-elektrischer-schneidroboter-aus%ef%bc%8c-fleischhacker-fur-den-hausgebrauch-zerkleinerer-elektrisch%ef%bc%8czwei-schusseln%ef%bc%88edelstahls-glass%ef%bc%89und-klingen\/","title":{"rendered":"SPZTJK Multifunktionaler Elektrischer Schneidroboter aus\uff0c Fleischhacker f\u00fcr den Hausgebrauch, Zerkleinerer Elektrisch\uff0czwei Sch\u00fcsseln\uff08Edelstahls &amp; Glass\uff09und klingen\uff0czum Zerkleinern und Hacken geeignet, Ideal f\u00fcr Gem\u00fcse, Knoblauch, Salat, Babynahrung"},"content":{"rendered":"<div data-elementor-type=\"product-post\" data-elementor-id=\"14196\" class=\"elementor elementor-14196\" data-elementor-post-type=\"product\">\n\t\t\t\t<div class=\"elementor-element elementor-element-2990bd11 e-flex e-con-boxed e-con e-parent\" data-id=\"2990bd11\" data-element_type=\"container\" data-settings=\"{&quot;ekit_has_onepagescroll_dot&quot;:&quot;yes&quot;}\">\n\t\t\t\t\t<div class=\"e-con-inner\">\n\t\t<div class=\"elementor-element elementor-element-6595a5a4 e-con-full e-flex e-con e-child\" data-id=\"6595a5a4\" data-element_type=\"container\" data-settings=\"{&quot;ekit_has_onepagescroll_dot&quot;:&quot;yes&quot;}\">\n\t\t\t\t<div class=\"elementor-element elementor-element-1e6f922f elementor-widget elementor-widget-video\" data-id=\"1e6f922f\" data-element_type=\"widget\" data-settings=\"{&quot;video_type&quot;:&quot;hosted&quot;,&quot;controls&quot;:&quot;yes&quot;,&quot;ekit_we_effect_on&quot;:&quot;none&quot;}\" data-widget_type=\"video.default\">\n\t\t\t\t<div class=\"elementor-widget-container\">\n\t\t\t\t\t\t\t<div class=\"e-hosted-video elementor-wrapper elementor-open-inline\">\n\t\t\t\t\t<video class=\"elementor-video\" src=\"https:\/\/individualityhub.shop\/wp-content\/uploads\/2026\/01\/video_2026-01-27_23-54-15-1.mp4\" controls=\"\" preload=\"metadata\" controlslist=\"nodownload\"><\/video>\n\t\t\t\t<\/div>\n\t\t\t\t\t\t<\/div>\n\t\t\t\t<\/div>\n\t\t\t\t<div class=\"elementor-element elementor-element-1a445039 elementor-widget elementor-widget-image\" data-id=\"1a445039\" data-element_type=\"widget\" data-settings=\"{&quot;ekit_we_effect_on&quot;:&quot;none&quot;}\" data-widget_type=\"image.default\">\n\t\t\t\t<div class=\"elementor-widget-container\">\n\t\t\t\t\t\t\t\t\t\t\t\t\t\t\t<img loading=\"lazy\" decoding=\"async\" width=\"1464\" height=\"600\" src=\"https:\/\/individualityhub.shop\/wp-content\/uploads\/2026\/01\/0808d351-7989-459b-81f3-868bd86d213b.__CR001464600_PT0_SX1464_V1___-1.jpg\" class=\"attachment-full size-full wp-image-14351 wvs-archive-product-image\" alt=\"\" srcset=\"https:\/\/individualityhub.shop\/wp-content\/uploads\/2026\/01\/0808d351-7989-459b-81f3-868bd86d213b.__CR001464600_PT0_SX1464_V1___-1.jpg 1464w, https:\/\/individualityhub.shop\/wp-content\/uploads\/2026\/01\/0808d351-7989-459b-81f3-868bd86d213b.__CR001464600_PT0_SX1464_V1___-1-300x123.jpg 300w, https:\/\/individualityhub.shop\/wp-content\/uploads\/2026\/01\/0808d351-7989-459b-81f3-868bd86d213b.__CR001464600_PT0_SX1464_V1___-1-1024x420.jpg 1024w, https:\/\/individualityhub.shop\/wp-content\/uploads\/2026\/01\/0808d351-7989-459b-81f3-868bd86d213b.__CR001464600_PT0_SX1464_V1___-1-768x315.jpg 768w, https:\/\/individualityhub.shop\/wp-content\/uploads\/2026\/01\/0808d351-7989-459b-81f3-868bd86d213b.__CR001464600_PT0_SX1464_V1___-1-18x7.jpg 18w, https:\/\/individualityhub.shop\/wp-content\/uploads\/2026\/01\/0808d351-7989-459b-81f3-868bd86d213b.__CR001464600_PT0_SX1464_V1___-1-600x246.jpg 600w, https:\/\/individualityhub.shop\/wp-content\/uploads\/2026\/01\/0808d351-7989-459b-81f3-868bd86d213b.__CR001464600_PT0_SX1464_V1___-1-1x1.jpg 1w, https:\/\/individualityhub.shop\/wp-content\/uploads\/2026\/01\/0808d351-7989-459b-81f3-868bd86d213b.__CR001464600_PT0_SX1464_V1___-1-10x4.jpg 10w\" sizes=\"auto, (max-width: 1464px) 100vw, 1464px\" \/>\t\t\t\t\t\t\t\t\t\t\t\t\t\t\t<\/div>\n\t\t\t\t<\/div>\n\t\t\t\t<\/div>\n\t\t<div class=\"elementor-element elementor-element-26465b6b e-con-full e-flex e-con e-child\" data-id=\"26465b6b\" data-element_type=\"container\" data-settings=\"{&quot;ekit_has_onepagescroll_dot&quot;:&quot;yes&quot;}\">\n\t\t\t\t<div class=\"elementor-element elementor-element-79f5e598 elementor-widget elementor-widget-text-editor\" data-id=\"79f5e598\" data-element_type=\"widget\" data-settings=\"{&quot;ekit_we_effect_on&quot;:&quot;none&quot;}\" data-widget_type=\"text-editor.default\">\n\t\t\t\t<div class=\"elementor-widget-container\">\n\t\t\t\t\t\t\t\t\t<!DOCTYPE html>\n<html lang=\"en\">\n<head>\n    <meta charset=\"UTF-8\">\n    <meta name=\"viewport\" content=\"width=device-width, initial-scale=1.0\">\n    <style>\n        table {\n            width: 100%;\n            border-collapse: collapse;\n        }\n        tr {\n            border-bottom: 1px solid #000;\n        }\n        td {\n            text-align: left;\n            padding: 8px 5px;\n            border: none;\n        }\n        .label {\n            font-weight: bold;\n        }\n    <\/style>\n<\/head>\n<body>\n    <table>\n        <tr>\n            <td class=\"label\">Reportaje especial<\/td>\n            <td>Cuchilla intercambiable<\/td>\n        <\/tr>\n        <tr>\n            <td class=\"label\">Dimensiones del producto<\/td>\n            <td>5,51\u2033P x 8,66\u2033A x 10,23\u2033H<\/td>\n        <\/tr>\n        <tr>\n            <td class=\"label\">Color<\/td>\n            <td>negro<\/td>\n        <\/tr>\n        <tr>\n            <td class=\"label\">Capacidad de la cuba<\/td>\n            <td>8 tazas<\/td>\n        <\/tr>\n        <tr>\n            <td class=\"label\">Usos recomendados del producto<\/td>\n            <td>Trocear, picar<\/td>\n        <\/tr>\n        <tr>\n            <td class=\"label\">N\u00famero de velocidades<\/td>\n            <td>3<\/td>\n        <\/tr>\n        <tr>\n            <td class=\"label\">Instrucciones para el cuidado del producto<\/td>\n            <td>Apto para lavavajillas, lavar a mano<\/td>\n        <\/tr>\n        <tr>\n            <td class=\"label\">Componentes incluidos<\/td>\n            <td>8 tazas de acero inoxidable 304, bol de cristal de 8 tazas, tapa<\/td>\n        <\/tr>\n        <tr>\n            <td class=\"label\">Nombre del modelo<\/td>\n            <td>Picadoras de carne el\u00e9ctricas<\/td>\n        <\/tr>\n        <tr>\n            <td class=\"label\">Material de la cuchilla<\/td>\n            <td>Acero inoxidable<\/td>\n        <\/tr>\n        <tr>\n            <td class=\"label\">Fuente de energ\u00eda<\/td>\n            <td>El\u00e9ctrico<\/td>\n        <\/tr>\n        <tr>\n            <td class=\"label\">A\u00f1o de fabricaci\u00f3n<\/td>\n            <td>2025<\/td>\n        <\/tr>\n        <tr>\n            <td class=\"label\">Peso del art\u00edculo<\/td>\n            <td>5,79 libras<\/td>\n        <\/tr>\n    <\/table>\n<\/body>\n<\/html>\t\t\t\t\t\t\t\t<\/div>\n\t\t\t\t<\/div>\n\t\t\t\t<\/div>\n\t\t\t\t\t<\/div>\n\t\t\t\t<\/div>\n\t\t<div class=\"elementor-element elementor-element-c39fd86 e-flex e-con-boxed e-con e-parent\" data-id=\"c39fd86\" data-element_type=\"container\" data-settings=\"{&quot;ekit_has_onepagescroll_dot&quot;:&quot;yes&quot;}\">\n\t\t\t\t\t<div class=\"e-con-inner\">\n\t\t\t\t<div class=\"elementor-element elementor-element-6a500d0a elementor-widget elementor-widget-image\" data-id=\"6a500d0a\" data-element_type=\"widget\" data-settings=\"{&quot;ekit_we_effect_on&quot;:&quot;none&quot;}\" data-widget_type=\"image.default\">\n\t\t\t\t<div class=\"elementor-widget-container\">\n\t\t\t\t\t\t\t\t\t\t\t\t\t\t\t<img loading=\"lazy\" decoding=\"async\" width=\"1464\" height=\"600\" src=\"https:\/\/individualityhub.shop\/wp-content\/uploads\/2026\/01\/cc564293-9e10-4d76-b9c7-962f465a02e7.__CR801601656_PT0_SX1464_V1___-3.jpg\" class=\"attachment-full size-full wp-image-14352 wvs-archive-product-image\" alt=\"\" srcset=\"https:\/\/individualityhub.shop\/wp-content\/uploads\/2026\/01\/cc564293-9e10-4d76-b9c7-962f465a02e7.__CR801601656_PT0_SX1464_V1___-3.jpg 1464w, https:\/\/individualityhub.shop\/wp-content\/uploads\/2026\/01\/cc564293-9e10-4d76-b9c7-962f465a02e7.__CR801601656_PT0_SX1464_V1___-3-300x123.jpg 300w, https:\/\/individualityhub.shop\/wp-content\/uploads\/2026\/01\/cc564293-9e10-4d76-b9c7-962f465a02e7.__CR801601656_PT0_SX1464_V1___-3-1024x420.jpg 1024w, https:\/\/individualityhub.shop\/wp-content\/uploads\/2026\/01\/cc564293-9e10-4d76-b9c7-962f465a02e7.__CR801601656_PT0_SX1464_V1___-3-768x315.jpg 768w, https:\/\/individualityhub.shop\/wp-content\/uploads\/2026\/01\/cc564293-9e10-4d76-b9c7-962f465a02e7.__CR801601656_PT0_SX1464_V1___-3-18x7.jpg 18w, https:\/\/individualityhub.shop\/wp-content\/uploads\/2026\/01\/cc564293-9e10-4d76-b9c7-962f465a02e7.__CR801601656_PT0_SX1464_V1___-3-600x246.jpg 600w, https:\/\/individualityhub.shop\/wp-content\/uploads\/2026\/01\/cc564293-9e10-4d76-b9c7-962f465a02e7.__CR801601656_PT0_SX1464_V1___-3-1x1.jpg 1w, https:\/\/individualityhub.shop\/wp-content\/uploads\/2026\/01\/cc564293-9e10-4d76-b9c7-962f465a02e7.__CR801601656_PT0_SX1464_V1___-3-10x4.jpg 10w\" sizes=\"auto, (max-width: 1464px) 100vw, 1464px\" \/>\t\t\t\t\t\t\t\t\t\t\t\t\t\t\t<\/div>\n\t\t\t\t<\/div>\n\t\t\t\t<div class=\"elementor-element elementor-element-3a93dd52 elementor-widget elementor-widget-image\" data-id=\"3a93dd52\" data-element_type=\"widget\" data-settings=\"{&quot;ekit_we_effect_on&quot;:&quot;none&quot;}\" data-widget_type=\"image.default\">\n\t\t\t\t<div class=\"elementor-widget-container\">\n\t\t\t\t\t\t\t\t\t\t\t\t\t\t\t<img loading=\"lazy\" decoding=\"async\" width=\"1464\" height=\"600\" src=\"https:\/\/individualityhub.shop\/wp-content\/uploads\/2026\/01\/852c454e-58a0-4603-827f-8c20c8f956c7.__CR801601656_PT0_SX1464_V1___-1.jpg\" class=\"attachment-full size-full wp-image-14353 wvs-archive-product-image\" alt=\"\" srcset=\"https:\/\/individualityhub.shop\/wp-content\/uploads\/2026\/01\/852c454e-58a0-4603-827f-8c20c8f956c7.__CR801601656_PT0_SX1464_V1___-1.jpg 1464w, https:\/\/individualityhub.shop\/wp-content\/uploads\/2026\/01\/852c454e-58a0-4603-827f-8c20c8f956c7.__CR801601656_PT0_SX1464_V1___-1-300x123.jpg 300w, https:\/\/individualityhub.shop\/wp-content\/uploads\/2026\/01\/852c454e-58a0-4603-827f-8c20c8f956c7.__CR801601656_PT0_SX1464_V1___-1-1024x420.jpg 1024w, https:\/\/individualityhub.shop\/wp-content\/uploads\/2026\/01\/852c454e-58a0-4603-827f-8c20c8f956c7.__CR801601656_PT0_SX1464_V1___-1-768x315.jpg 768w, https:\/\/individualityhub.shop\/wp-content\/uploads\/2026\/01\/852c454e-58a0-4603-827f-8c20c8f956c7.__CR801601656_PT0_SX1464_V1___-1-18x7.jpg 18w, https:\/\/individualityhub.shop\/wp-content\/uploads\/2026\/01\/852c454e-58a0-4603-827f-8c20c8f956c7.__CR801601656_PT0_SX1464_V1___-1-600x246.jpg 600w, https:\/\/individualityhub.shop\/wp-content\/uploads\/2026\/01\/852c454e-58a0-4603-827f-8c20c8f956c7.__CR801601656_PT0_SX1464_V1___-1-1x1.jpg 1w, https:\/\/individualityhub.shop\/wp-content\/uploads\/2026\/01\/852c454e-58a0-4603-827f-8c20c8f956c7.__CR801601656_PT0_SX1464_V1___-1-10x4.jpg 10w\" sizes=\"auto, (max-width: 1464px) 100vw, 1464px\" \/>\t\t\t\t\t\t\t\t\t\t\t\t\t\t\t<\/div>\n\t\t\t\t<\/div>\n\t\t\t\t<div class=\"elementor-element elementor-element-11f7f20b elementor-widget elementor-widget-image\" data-id=\"11f7f20b\" data-element_type=\"widget\" data-settings=\"{&quot;ekit_we_effect_on&quot;:&quot;none&quot;}\" data-widget_type=\"image.default\">\n\t\t\t\t<div class=\"elementor-widget-container\">\n\t\t\t\t\t\t\t\t\t\t\t\t\t\t\t<img loading=\"lazy\" decoding=\"async\" width=\"1464\" height=\"600\" src=\"https:\/\/individualityhub.shop\/wp-content\/uploads\/2026\/01\/24f3ed1e-9ce2-4c76-838f-1c191635dc99.__CR001464600_PT0_SX1464_V1___-1.jpg\" class=\"attachment-full size-full wp-image-14354 wvs-archive-product-image\" alt=\"\" srcset=\"https:\/\/individualityhub.shop\/wp-content\/uploads\/2026\/01\/24f3ed1e-9ce2-4c76-838f-1c191635dc99.__CR001464600_PT0_SX1464_V1___-1.jpg 1464w, https:\/\/individualityhub.shop\/wp-content\/uploads\/2026\/01\/24f3ed1e-9ce2-4c76-838f-1c191635dc99.__CR001464600_PT0_SX1464_V1___-1-300x123.jpg 300w, https:\/\/individualityhub.shop\/wp-content\/uploads\/2026\/01\/24f3ed1e-9ce2-4c76-838f-1c191635dc99.__CR001464600_PT0_SX1464_V1___-1-1024x420.jpg 1024w, https:\/\/individualityhub.shop\/wp-content\/uploads\/2026\/01\/24f3ed1e-9ce2-4c76-838f-1c191635dc99.__CR001464600_PT0_SX1464_V1___-1-768x315.jpg 768w, https:\/\/individualityhub.shop\/wp-content\/uploads\/2026\/01\/24f3ed1e-9ce2-4c76-838f-1c191635dc99.__CR001464600_PT0_SX1464_V1___-1-18x7.jpg 18w, https:\/\/individualityhub.shop\/wp-content\/uploads\/2026\/01\/24f3ed1e-9ce2-4c76-838f-1c191635dc99.__CR001464600_PT0_SX1464_V1___-1-600x246.jpg 600w, https:\/\/individualityhub.shop\/wp-content\/uploads\/2026\/01\/24f3ed1e-9ce2-4c76-838f-1c191635dc99.__CR001464600_PT0_SX1464_V1___-1-1x1.jpg 1w, https:\/\/individualityhub.shop\/wp-content\/uploads\/2026\/01\/24f3ed1e-9ce2-4c76-838f-1c191635dc99.__CR001464600_PT0_SX1464_V1___-1-10x4.jpg 10w\" sizes=\"auto, (max-width: 1464px) 100vw, 1464px\" \/>\t\t\t\t\t\t\t\t\t\t\t\t\t\t\t<\/div>\n\t\t\t\t<\/div>\n\t\t\t\t<div class=\"elementor-element elementor-element-378055d5 elementor-widget elementor-widget-image\" data-id=\"378055d5\" data-element_type=\"widget\" data-settings=\"{&quot;ekit_we_effect_on&quot;:&quot;none&quot;}\" data-widget_type=\"image.default\">\n\t\t\t\t<div class=\"elementor-widget-container\">\n\t\t\t\t\t\t\t\t\t\t\t\t\t\t\t<img loading=\"lazy\" decoding=\"async\" width=\"1464\" height=\"600\" src=\"https:\/\/individualityhub.shop\/wp-content\/uploads\/2026\/01\/f00890f8-b80a-4f0e-b2e8-ac4ce1be3b99.__CR801601656_PT0_SX1464_V1___-1.jpg\" class=\"attachment-full size-full wp-image-14355 wvs-archive-product-image\" alt=\"\" srcset=\"https:\/\/individualityhub.shop\/wp-content\/uploads\/2026\/01\/f00890f8-b80a-4f0e-b2e8-ac4ce1be3b99.__CR801601656_PT0_SX1464_V1___-1.jpg 1464w, https:\/\/individualityhub.shop\/wp-content\/uploads\/2026\/01\/f00890f8-b80a-4f0e-b2e8-ac4ce1be3b99.__CR801601656_PT0_SX1464_V1___-1-300x123.jpg 300w, https:\/\/individualityhub.shop\/wp-content\/uploads\/2026\/01\/f00890f8-b80a-4f0e-b2e8-ac4ce1be3b99.__CR801601656_PT0_SX1464_V1___-1-1024x420.jpg 1024w, https:\/\/individualityhub.shop\/wp-content\/uploads\/2026\/01\/f00890f8-b80a-4f0e-b2e8-ac4ce1be3b99.__CR801601656_PT0_SX1464_V1___-1-768x315.jpg 768w, https:\/\/individualityhub.shop\/wp-content\/uploads\/2026\/01\/f00890f8-b80a-4f0e-b2e8-ac4ce1be3b99.__CR801601656_PT0_SX1464_V1___-1-18x7.jpg 18w, https:\/\/individualityhub.shop\/wp-content\/uploads\/2026\/01\/f00890f8-b80a-4f0e-b2e8-ac4ce1be3b99.__CR801601656_PT0_SX1464_V1___-1-600x246.jpg 600w, https:\/\/individualityhub.shop\/wp-content\/uploads\/2026\/01\/f00890f8-b80a-4f0e-b2e8-ac4ce1be3b99.__CR801601656_PT0_SX1464_V1___-1-1x1.jpg 1w, https:\/\/individualityhub.shop\/wp-content\/uploads\/2026\/01\/f00890f8-b80a-4f0e-b2e8-ac4ce1be3b99.__CR801601656_PT0_SX1464_V1___-1-10x4.jpg 10w\" sizes=\"auto, (max-width: 1464px) 100vw, 1464px\" \/>\t\t\t\t\t\t\t\t\t\t\t\t\t\t\t<\/div>\n\t\t\t\t<\/div>\n\t\t\t\t<div class=\"elementor-element elementor-element-6d4b4eb1 elementor-widget elementor-widget-image\" data-id=\"6d4b4eb1\" data-element_type=\"widget\" data-settings=\"{&quot;ekit_we_effect_on&quot;:&quot;none&quot;}\" data-widget_type=\"image.default\">\n\t\t\t\t<div class=\"elementor-widget-container\">\n\t\t\t\t\t\t\t\t\t\t\t\t\t\t\t<img loading=\"lazy\" decoding=\"async\" width=\"1464\" height=\"600\" src=\"https:\/\/individualityhub.shop\/wp-content\/uploads\/2026\/01\/f22f7347-17d1-4689-a1df-8022b89db83b.__CR0121464600_PT0_SX1464_V1___-1.jpg\" class=\"attachment-full size-full wp-image-14356 wvs-archive-product-image\" alt=\"\" srcset=\"https:\/\/individualityhub.shop\/wp-content\/uploads\/2026\/01\/f22f7347-17d1-4689-a1df-8022b89db83b.__CR0121464600_PT0_SX1464_V1___-1.jpg 1464w, https:\/\/individualityhub.shop\/wp-content\/uploads\/2026\/01\/f22f7347-17d1-4689-a1df-8022b89db83b.__CR0121464600_PT0_SX1464_V1___-1-300x123.jpg 300w, https:\/\/individualityhub.shop\/wp-content\/uploads\/2026\/01\/f22f7347-17d1-4689-a1df-8022b89db83b.__CR0121464600_PT0_SX1464_V1___-1-1024x420.jpg 1024w, https:\/\/individualityhub.shop\/wp-content\/uploads\/2026\/01\/f22f7347-17d1-4689-a1df-8022b89db83b.__CR0121464600_PT0_SX1464_V1___-1-768x315.jpg 768w, https:\/\/individualityhub.shop\/wp-content\/uploads\/2026\/01\/f22f7347-17d1-4689-a1df-8022b89db83b.__CR0121464600_PT0_SX1464_V1___-1-18x7.jpg 18w, https:\/\/individualityhub.shop\/wp-content\/uploads\/2026\/01\/f22f7347-17d1-4689-a1df-8022b89db83b.__CR0121464600_PT0_SX1464_V1___-1-600x246.jpg 600w, https:\/\/individualityhub.shop\/wp-content\/uploads\/2026\/01\/f22f7347-17d1-4689-a1df-8022b89db83b.__CR0121464600_PT0_SX1464_V1___-1-1x1.jpg 1w, https:\/\/individualityhub.shop\/wp-content\/uploads\/2026\/01\/f22f7347-17d1-4689-a1df-8022b89db83b.__CR0121464600_PT0_SX1464_V1___-1-10x4.jpg 10w\" sizes=\"auto, (max-width: 1464px) 100vw, 1464px\" \/>\t\t\t\t\t\t\t\t\t\t\t\t\t\t\t<\/div>\n\t\t\t\t<\/div>\n\t\t\t\t\t<\/div>\n\t\t\t\t<\/div>\n\t\t<div class=\"elementor-element elementor-element-5f35ede e-flex e-con-boxed e-con e-parent\" data-id=\"5f35ede\" data-element_type=\"container\" data-settings=\"{&quot;ekit_has_onepagescroll_dot&quot;:&quot;yes&quot;}\">\n\t\t\t\t\t<div class=\"e-con-inner\">\n\t\t\t\t\t<\/div>\n\t\t\t\t<\/div>\n\t\t\t\t<\/div>","protected":false},"excerpt":{"rendered":"<p>Sobre este producto:<\/p>\n<p>Einfache Zubereitung: Sparend Zeit mit schnellem Zerkleinern, Mixen und P\u00fcrieren per Knopfdruck. Abnehmbare Klingen f\u00fcr einfache Reinigung.<\/p>\n<p>Vielseitig einsetzbar: 300W Motor f\u00fcr Fleisch, Gem\u00fcse, Obst, N\u00fcsse und Babynahrung.<\/p>\n<p>Doppelte Sch\u00fcssel: 8-Cup Edelstahl- und Glas-Sch\u00fcssel f\u00fcr getrennte Verarbeitung.<\/p>\n<p>Seguro y silencioso: Kupfermotor mit automatischer Stoppfunktion. 3 Geschwindigkeitsstufen und leiser Betrieb.<\/p>\n<p>Lebensmittelecht: Aus 304 Edelstahl und BPA-freiem Glas.<\/p>\n<p>Reinigung &amp; Aufbewahrung Einfache: Sp\u00fclmaschinengeeignete Teile, platzsparendes Design. Motor nicht untertauchen.<\/p>\n<p>Nota: \u00dcberhitzungsschutz - bei Abschaltung abk\u00fchlen lassen. F\u00fcr frische\/weiche Zutaten. Gefrorenes vorher antauen.<\/p>","protected":false},"featured_media":14197,"comment_status":"open","ping_status":"closed","template":"","meta":{"_acf_changed":false},"etheme_brands":[],"product_brand":[],"product_cat":[118],"product_tag":[],"class_list":{"0":"post-14196","1":"product","2":"type-product","3":"status-publish","4":"has-post-thumbnail","6":"product_cat-sale-shop","8":"first","9":"instock","10":"sale","11":"shipping-taxable","12":"purchasable","13":"product-type-simple"},"acf":[],"_links":{"self":[{"href":"https:\/\/individualityhub.shop\/es\/wp-json\/wp\/v2\/product\/14196","targetHints":{"allow":["GET"]}}],"collection":[{"href":"https:\/\/individualityhub.shop\/es\/wp-json\/wp\/v2\/product"}],"about":[{"href":"https:\/\/individualityhub.shop\/es\/wp-json\/wp\/v2\/types\/product"}],"replies":[{"embeddable":true,"href":"https:\/\/individualityhub.shop\/es\/wp-json\/wp\/v2\/comments?post=14196"}],"version-history":[{"count":4,"href":"https:\/\/individualityhub.shop\/es\/wp-json\/wp\/v2\/product\/14196\/revisions"}],"predecessor-version":[{"id":14362,"href":"https:\/\/individualityhub.shop\/es\/wp-json\/wp\/v2\/product\/14196\/revisions\/14362"}],"wp:featuredmedia":[{"embeddable":true,"href":"https:\/\/individualityhub.shop\/es\/wp-json\/wp\/v2\/media\/14197"}],"wp:attachment":[{"href":"https:\/\/individualityhub.shop\/es\/wp-json\/wp\/v2\/media?parent=14196"}],"wp:term":[{"taxonomy":"brand","embeddable":true,"href":"https:\/\/individualityhub.shop\/es\/wp-json\/wp\/v2\/etheme_brands?post=14196"},{"taxonomy":"product_brand","embeddable":true,"href":"https:\/\/individualityhub.shop\/es\/wp-json\/wp\/v2\/product_brand?post=14196"},{"taxonomy":"product_cat","embeddable":true,"href":"https:\/\/individualityhub.shop\/es\/wp-json\/wp\/v2\/product_cat?post=14196"},{"taxonomy":"product_tag","embeddable":true,"href":"https:\/\/individualityhub.shop\/es\/wp-json\/wp\/v2\/product_tag?post=14196"}],"curies":[{"name":"wp","href":"https:\/\/api.w.org\/{rel}","templated":true}]}}